{"id":4973,"date":"2024-02-09T07:19:15","date_gmt":"2024-02-09T07:19:15","guid":{"rendered":"https:\/\/store.mills-nutrients.com\/terms-conditions\/"},"modified":"2024-12-20T16:11:12","modified_gmt":"2024-12-20T16:11:12","slug":"terms-conditions","status":"publish","type":"page","link":"https:\/\/store.mills-nutrients.com\/fr\/terms-conditions\/","title":{"rendered":"Conditions G\u00e9n\u00e9rales"},"content":{"rendered":"\t\t<div data-elementor-type=\"wp-page\" data-elementor-id=\"4973\" class=\"elementor elementor-4973 elementor-463\" data-elementor-post-type=\"page\">\n\t\t\t\t<div class=\"elementor-element elementor-element-3f79948 e-flex e-con-boxed e-con e-parent\" data-id=\"3f79948\" data-element_type=\"container\" data-e-type=\"container\" data-settings=\"{&quot;background_background&quot;:&quot;gradient&quot;}\">\n\t\t\t\t\t<div class=\"e-con-inner\">\n\t\t<div class=\"elementor-element elementor-element-565061e e-flex e-con-boxed e-con e-child\" data-id=\"565061e\" data-element_type=\"container\" data-e-type=\"container\" data-settings=\"{&quot;background_background&quot;:&quot;classic&quot;}\">\n\t\t\t\t\t<div class=\"e-con-inner\">\n\t\t\t\t<div class=\"elementor-element elementor-element-80cea4a elementor-widget elementor-widget-heading\" data-id=\"80cea4a\" data-element_type=\"widget\" data-e-type=\"widget\" data-widget_type=\"heading.default\">\n\t\t\t\t<div class=\"elementor-widget-container\">\n\t\t\t\t\t<h1 class=\"elementor-heading-title elementor-size-default\">Conditions G\u00e9n\u00e9rales<\/h1>\t\t\t\t<\/div>\n\t\t\t\t<\/div>\n\t\t\t\t<div class=\"elementor-element elementor-element-d1e7170 elementor-widget elementor-widget-text-editor\" data-id=\"d1e7170\" data-element_type=\"widget\" data-e-type=\"widget\" data-widget_type=\"text-editor.default\">\n\t\t\t\t<div class=\"elementor-widget-container\">\n\t\t\t\t\t\t\t\t\t<h4>Article 1 \u2013 D\u00e9finitions<\/h4><p>Dans les pr\u00e9sentes conditions g\u00e9n\u00e9rales, les d\u00e9finitions suivantes s&rsquo;appliquent :<\/p><ul><li><strong>D\u00e9lai de R\u00e9tractation<\/strong> : la p\u00e9riode pendant laquelle le consommateur peut exercer son droit de r\u00e9tractation.<\/li><li><strong>Consommateur<\/strong> : la personne physique qui n&rsquo;agit pas dans l&rsquo;exercice d&rsquo;une profession ou d&rsquo;une entreprise et conclut un contrat \u00e0 distance avec l&rsquo;entrepreneur.<\/li><li><strong>Jour<\/strong> : jour calendaire.<\/li><li><strong>Transaction \u00e0 Long Terme<\/strong> : un contrat \u00e0 distance concernant une s\u00e9rie de produits et\/ou de services pour lesquels l&rsquo;obligation de livraison et\/ou d&rsquo;achat est \u00e9tal\u00e9e dans le temps.<\/li><li><strong>Support de Donn\u00e9es Durable<\/strong> : tout moyen permettant au consommateur ou \u00e0 l&rsquo;entrepreneur de stocker des informations qui lui sont personnellement adress\u00e9es d&rsquo;une mani\u00e8re permettant la consultation future et la reproduction inchang\u00e9e des informations stock\u00e9es.<\/li><li><strong>Droit de R\u00e9tractation<\/strong> : la possibilit\u00e9 pour le consommateur de se retirer du contrat \u00e0 distance dans le d\u00e9lai de r\u00e9tractation.<\/li><li><strong>Formulaire Type<\/strong> : le formulaire type de r\u00e9tractation fourni par l&rsquo;entrepreneur que le consommateur peut remplir s&rsquo;il souhaite exercer son droit de r\u00e9tractation.<\/li><li><strong>Entrepreneur<\/strong> : Mills Nutrients &amp; Substrates, qui propose des produits et\/ou services \u00e0 distance aux consommateurs.<\/li><li><strong>Contrat \u00e0 Distance<\/strong> : un contrat conclu dans le cadre d&rsquo;un syst\u00e8me organis\u00e9 de vente \u00e0 distance de produits et\/ou de services, utilisant exclusivement un ou plusieurs moyens de communication \u00e0 distance jusqu&rsquo;\u00e0 la conclusion du contrat.<\/li><li><strong>Conditions G\u00e9n\u00e9rales<\/strong> : les pr\u00e9sentes Conditions G\u00e9n\u00e9rales de l&rsquo;entrepreneur.<\/li><\/ul><h4>Article 2 \u2013 Identit\u00e9 de l&rsquo;Entrepreneur<\/h4><p>Mills Nutrients &amp; Substrates<br \/>Aalsmeerderweg 249-K<br \/>1432 CM Aalsmeer<br \/>Pays-Bas<br \/>Num\u00e9ro de t\u00e9l\u00e9phone : +31 (0)20 223 3957 (disponible en semaine de 9h00 \u00e0 17h00)<br \/>Email : <a rel=\"noopener\">shop@mills-nutrients.com<\/a><\/p><h4>Article 3 \u2013 Applicabilit\u00e9<\/h4><ol><li>Les pr\u00e9sentes conditions g\u00e9n\u00e9rales s&rsquo;appliquent \u00e0 chaque offre de Mills Nutrients et \u00e0 chaque contrat \u00e0 distance conclu entre Mills Nutrients et le consommateur.<\/li><li>Avant la conclusion du contrat \u00e0 distance, le texte des pr\u00e9sentes conditions g\u00e9n\u00e9rales sera mis \u00e0 la disposition du consommateur. Si cela n&rsquo;est pas raisonnablement possible, il sera indiqu\u00e9 que les conditions g\u00e9n\u00e9rales peuvent \u00eatre consult\u00e9es chez Mills Nutrients et envoy\u00e9es gratuitement \u00e0 la demande du consommateur.<\/li><li>Si le contrat \u00e0 distance est conclu par voie \u00e9lectronique, le texte de ces conditions g\u00e9n\u00e9rales peut \u00eatre fourni par voie \u00e9lectronique de mani\u00e8re \u00e0 ce que le consommateur puisse facilement le stocker sur un support de donn\u00e9es durable.<\/li><li>Si des conditions sp\u00e9cifiques de produit ou de service s&rsquo;ajoutent aux pr\u00e9sentes conditions g\u00e9n\u00e9rales, le consommateur peut invoquer la disposition applicable qui est la plus avantageuse pour lui en cas de conditions contradictoires.<\/li><\/ol><h4>Article 4 \u2013 L\u2019Offre<\/h4><ol><li>Si une offre a une dur\u00e9e de validit\u00e9 limit\u00e9e ou est soumise \u00e0 des conditions, cela sera explicitement indiqu\u00e9 dans l&rsquo;offre.<\/li><li>L&rsquo;offre est sans engagement. Mills Nutrients se r\u00e9serve le droit de modifier et d&rsquo;ajuster l&rsquo;offre.<\/li><li>L&rsquo;offre contient une description compl\u00e8te et pr\u00e9cise des produits et\/ou services propos\u00e9s. La description est suffisamment d\u00e9taill\u00e9e pour permettre au consommateur de faire une \u00e9valuation correcte de l&rsquo;offre.<\/li><li>Toutes les images et sp\u00e9cifications contenues dans l&rsquo;offre sont indicatives et ne peuvent donner lieu \u00e0 aucune indemnisation ou dissolution du contrat. Les images des produits sont une repr\u00e9sentation fid\u00e8le des produits propos\u00e9s, bien que des diff\u00e9rences de couleur soient possibles.<\/li><\/ol><h4>Article 5 \u2013 Le Contrat<\/h4><ol><li>Le contrat est conclu au moment de l&rsquo;acceptation de l&rsquo;offre par le consommateur et du respect des conditions correspondantes.<\/li><li>Si le consommateur a accept\u00e9 l&rsquo;offre par voie \u00e9lectronique, Mills Nutrients confirmera imm\u00e9diatement la r\u00e9ception de l&rsquo;acceptation de l&rsquo;offre par voie \u00e9lectronique.<\/li><li>Mills Nutrients prend des mesures techniques et organisationnelles appropri\u00e9es pour assurer la s\u00e9curit\u00e9 de la transmission \u00e9lectronique des donn\u00e9es et assure un environnement web s\u00e9curis\u00e9. Si le consommateur peut payer \u00e9lectroniquement, des mesures de s\u00e9curit\u00e9 appropri\u00e9es sont observ\u00e9es.<\/li><\/ol><h4>Article 6 \u2013 Droit de R\u00e9tractation<\/h4><ol><li>Lors de l&rsquo;achat de produits, le consommateur a la possibilit\u00e9 de r\u00e9silier le contrat sans donner de raisons dans les 14 jours. Ce d\u00e9lai de r\u00e9tractation commence le jour suivant la r\u00e9ception du produit par le consommateur.<\/li><li>Pendant le d\u00e9lai de r\u00e9tractation, le consommateur manipule le produit et l&#8217;emballage avec soin. S&rsquo;il exerce son droit de r\u00e9tractation, le consommateur retournera le produit avec tous les accessoires et, si possible, dans son \u00e9tat et son emballage d&rsquo;origine, conform\u00e9ment aux instructions raisonnables et claires fournies par Mills Nutrients.<\/li><li>Si le consommateur souhaite exercer son droit de r\u00e9tractation, il doit en informer Mills Nutrients dans les 14 jours suivant la r\u00e9ception du produit. Le consommateur doit ensuite retourner le produit dans les 14 jours et pourra se voir demander une preuve d&rsquo;exp\u00e9dition.<\/li><\/ol><h4>Article 7 \u2013 Frais en Cas de R\u00e9tractation<\/h4><ol><li>Si le consommateur exerce son droit de r\u00e9tractation, il est responsable des frais de retour.<\/li><li>Si le consommateur a pay\u00e9 un montant, Mills Nutrients remboursera ce montant dans les plus brefs d\u00e9lais, mais au plus tard dans les 14 jours suivant la r\u00e9ception du produit retourn\u00e9.<\/li><\/ol><h4>Article 8 \u2013 Exclusion du Droit de R\u00e9tractation<\/h4><ol><li>L&rsquo;entrepreneur peut exclure le droit de r\u00e9tractation du consommateur pour les produits d\u00e9crits aux paragraphes 2 et 3, \u00e0 condition que cela soit clairement indiqu\u00e9 dans l&rsquo;offre.<\/li><li>L&rsquo;exclusion du droit de r\u00e9tractation est possible pour les produits qui sont personnalis\u00e9s ou qui ne peuvent pas \u00eatre retourn\u00e9s en raison de leur nature, p\u00e9rissables ou qui vieillissent rapidement.<\/li><\/ol><h4>Article 9 \u2013 Prix<\/h4><ol><li>Pendant la p\u00e9riode de validit\u00e9 indiqu\u00e9e dans l&rsquo;offre, les prix des produits propos\u00e9s ne seront pas augment\u00e9s, sauf pour les modifications des taux de TVA.<\/li><li>Tous les prix sont TVA incluse et autres taxes. Des erreurs de frappe et d&rsquo;impression sont r\u00e9serv\u00e9es.<\/li><\/ol><h4>Article 10 \u2013 Conformit\u00e9 et Garantie<\/h4><ol><li>Mills Nutrients garantit que les produits sont conformes au contrat et aux sp\u00e9cifications indiqu\u00e9es dans l&rsquo;offre. Aucune garantie suppl\u00e9mentaire n&rsquo;est fournie au-del\u00e0 des droits l\u00e9gaux du consommateur.<\/li><li>Les d\u00e9fauts \u00e9ventuels doivent \u00eatre signal\u00e9s par \u00e9crit dans les 4 semaines suivant la livraison. Les produits doivent \u00eatre retourn\u00e9s dans leur emballage d&rsquo;origine et en parfait \u00e9tat.<\/li><\/ol><h4>Article 11 \u2013 Livraison et Ex\u00e9cution<\/h4><ol><li>Mills Nutrients ne livre les produits qu&rsquo;apr\u00e8s r\u00e9ception du paiement.<\/li><li>Les commandes sont trait\u00e9es dans le respect des d\u00e9lais de livraison suivants :<ul><li>Pays-Bas : 1 \u2013 2 jours ouvrables<\/li><li>Europe du Nord : 2 \u2013 4 jours ouvrables<\/li><li>Europe du Sud : 3 \u2013 6 jours ouvrables<\/li><li>Hors Europe : 7 \u2013 14 jours ouvrables<\/li><\/ul><\/li><li>En cas de retard de livraison, le consommateur sera inform\u00e9 au plus tard 30 jours apr\u00e8s la commande et aura le droit de r\u00e9silier le contrat sans frais.<\/li><li>Le risque de dommages et\/ou de perte des produits incombe \u00e0 Mills Nutrients jusqu&rsquo;au moment de la livraison.<\/li><\/ol><h4>Article 12 \u2013 Paiement<\/h4><ol><li>Les montants dus par le consommateur doivent \u00eatre pay\u00e9s avant l&rsquo;exp\u00e9dition des produits. Mills Nutrients accepte les paiements via iDeal, P24, EPS, Bancontact, Giropay, Belfius, Klarna et cartes de cr\u00e9dit.<\/li><li>Le consommateur est tenu de signaler imm\u00e9diatement toute inexactitude dans les donn\u00e9es de paiement fournies.<\/li><\/ol><h4>Article 13 \u2013 Proc\u00e9dure de R\u00e9clamation<\/h4><ol><li>Mills Nutrients dispose d&rsquo;une proc\u00e9dure de r\u00e9clamation bien diffus\u00e9e et traite les r\u00e9clamations conform\u00e9ment \u00e0 cette proc\u00e9dure.<\/li><li>Les r\u00e9clamations concernant l&rsquo;ex\u00e9cution du contrat doivent \u00eatre soumises \u00e0 Mills Nutrients de mani\u00e8re compl\u00e8te et clairement d\u00e9crite dans les 7 jours suivant la constatation du probl\u00e8me.<\/li><li>Les r\u00e9clamations re\u00e7ues seront trait\u00e9es dans un d\u00e9lai de 14 jours. Si une r\u00e9clamation n\u00e9cessite un d\u00e9lai de traitement plus long, le consommateur sera inform\u00e9 et recevra une estimation de ce d\u00e9lai.<\/li><\/ol><h4>Article 14 \u2013 Litiges<\/h4><ol><li>Les contrats entre Mills Nutrients et le consommateur auxquels s&rsquo;appliquent ces conditions g\u00e9n\u00e9rales sont exclusivement r\u00e9gis par le droit n\u00e9erlandais.<\/li><li>La Convention de Vienne sur les Contrats de Vente Internationale de Marchandises ne s&rsquo;applique pas.<\/li><\/ol><h4>Article 15 \u2013 Dispositions Suppl\u00e9mentaires ou D\u00e9rogatoires<\/h4><p>Les dispositions suppl\u00e9mentaires ou d\u00e9rogatoires ne doivent pas \u00eatre d\u00e9favorables au consommateur et doivent \u00eatre consign\u00e9es par \u00e9crit.<\/p>\t\t\t\t\t\t\t\t<\/div>\n\t\t\t\t<\/div>\n\t\t\t\t\t<\/div>\n\t\t\t\t<\/div>\n\t\t\t\t\t<\/div>\n\t\t\t\t<\/div>\n\t\t\t\t<\/div>\n\t\t","protected":false},"excerpt":{"rendered":"<p>Conditions G\u00e9n\u00e9rales Article 1 \u2013 D\u00e9finitions Dans les pr\u00e9sentes conditions g\u00e9n\u00e9rales, les d\u00e9finitions suivantes s&rsquo;appliquent : D\u00e9lai de R\u00e9tractation : la p\u00e9riode pendant laquelle le consommateur peut exercer son droit de r\u00e9tractation. Consommateur : la personne physique qui n&rsquo;agit pas dans l&rsquo;exercice d&rsquo;une profession ou d&rsquo;une entreprise et conclut un contrat \u00e0 distance avec l&rsquo;entrepreneur. [&hellip;]<\/p>\n","protected":false},"author":3,"featured_media":0,"parent":0,"menu_order":28,"comment_status":"closed","ping_status":"closed","template":"elementor_header_footer","meta":{"footnotes":""},"class_list":["post-4973","page","type-page","status-publish","hentry"],"yoast_head":"<!-- This site is optimized with the Yoast SEO plugin v27.4 - https:\/\/yoast.com\/product\/yoast-seo-wordpress\/ -->\n<title>Terms &amp; Conditions | Mills Merchandise<\/title>\n<meta name=\"description\" content=\"Review the terms and conditions for shopping at Mills Merchandise. Understand our policies to ensure a smooth purchase process.\" \/>\n<meta name=\"robots\" content=\"index, follow, max-snippet:-1, max-image-preview:large, max-video-preview:-1\" \/>\n<link rel=\"canonical\" href=\"https:\/\/store.mills-nutrients.com\/fr\/terms-conditions\/\" \/>\n<meta property=\"og:locale\" content=\"fr_FR\" \/>\n<meta property=\"og:type\" content=\"article\" \/>\n<meta property=\"og:title\" content=\"Terms &amp; Conditions | Mills Merchandise\" \/>\n<meta property=\"og:description\" content=\"Review the terms and conditions for shopping at Mills Merchandise. Understand our policies to ensure a smooth purchase process.\" \/>\n<meta property=\"og:url\" content=\"https:\/\/store.mills-nutrients.com\/fr\/terms-conditions\/\" \/>\n<meta property=\"og:site_name\" content=\"Mills Nutrients Shop\" \/>\n<meta property=\"article:modified_time\" content=\"2024-12-20T16:11:12+00:00\" \/>\n<meta name=\"twitter:card\" content=\"summary_large_image\" \/>\n<meta name=\"twitter:label1\" content=\"Dur\u00e9e de lecture estim\u00e9e\" \/>\n\t<meta name=\"twitter:data1\" content=\"7 minutes\" \/>\n<script type=\"application\/ld+json\" class=\"yoast-schema-graph\">{\"@context\":\"https:\\\/\\\/schema.org\",\"@graph\":[{\"@type\":\"WebPage\",\"@id\":\"https:\\\/\\\/store.mills-nutrients.com\\\/fr\\\/terms-conditions\\\/\",\"url\":\"https:\\\/\\\/store.mills-nutrients.com\\\/fr\\\/terms-conditions\\\/\",\"name\":\"Terms & Conditions | Mills Merchandise\",\"isPartOf\":{\"@id\":\"https:\\\/\\\/store.mills-nutrients.com\\\/fr\\\/#website\"},\"datePublished\":\"2024-02-09T07:19:15+00:00\",\"dateModified\":\"2024-12-20T16:11:12+00:00\",\"description\":\"Review the terms and conditions for shopping at Mills Merchandise. Understand our policies to ensure a smooth purchase process.\",\"breadcrumb\":{\"@id\":\"https:\\\/\\\/store.mills-nutrients.com\\\/fr\\\/terms-conditions\\\/#breadcrumb\"},\"inLanguage\":\"fr-FR\",\"potentialAction\":[{\"@type\":\"ReadAction\",\"target\":[\"https:\\\/\\\/store.mills-nutrients.com\\\/fr\\\/terms-conditions\\\/\"]}]},{\"@type\":\"BreadcrumbList\",\"@id\":\"https:\\\/\\\/store.mills-nutrients.com\\\/fr\\\/terms-conditions\\\/#breadcrumb\",\"itemListElement\":[{\"@type\":\"ListItem\",\"position\":1,\"name\":\"Home\",\"item\":\"https:\\\/\\\/store.mills-nutrients.com\\\/fr\\\/\"},{\"@type\":\"ListItem\",\"position\":2,\"name\":\"Conditions G\u00e9n\u00e9rales\"}]},{\"@type\":\"WebSite\",\"@id\":\"https:\\\/\\\/store.mills-nutrients.com\\\/fr\\\/#website\",\"url\":\"https:\\\/\\\/store.mills-nutrients.com\\\/fr\\\/\",\"name\":\"Mills Nutrients Shop\",\"description\":\"\",\"publisher\":{\"@id\":\"https:\\\/\\\/store.mills-nutrients.com\\\/fr\\\/#organization\"},\"potentialAction\":[{\"@type\":\"SearchAction\",\"target\":{\"@type\":\"EntryPoint\",\"urlTemplate\":\"https:\\\/\\\/store.mills-nutrients.com\\\/fr\\\/?s={search_term_string}\"},\"query-input\":{\"@type\":\"PropertyValueSpecification\",\"valueRequired\":true,\"valueName\":\"search_term_string\"}}],\"inLanguage\":\"fr-FR\"},{\"@type\":\"Organization\",\"@id\":\"https:\\\/\\\/store.mills-nutrients.com\\\/fr\\\/#organization\",\"name\":\"Mills Nutrients Shop\",\"url\":\"https:\\\/\\\/store.mills-nutrients.com\\\/fr\\\/\",\"logo\":{\"@type\":\"ImageObject\",\"inLanguage\":\"fr-FR\",\"@id\":\"https:\\\/\\\/store.mills-nutrients.com\\\/fr\\\/#\\\/schema\\\/logo\\\/image\\\/\",\"url\":\"https:\\\/\\\/store.mills-nutrients.com\\\/wp-content\\\/uploads\\\/2024\\\/10\\\/cropped-Mills-logo-2.png\",\"contentUrl\":\"https:\\\/\\\/store.mills-nutrients.com\\\/wp-content\\\/uploads\\\/2024\\\/10\\\/cropped-Mills-logo-2.png\",\"width\":500,\"height\":175,\"caption\":\"Mills Nutrients Shop\"},\"image\":{\"@id\":\"https:\\\/\\\/store.mills-nutrients.com\\\/fr\\\/#\\\/schema\\\/logo\\\/image\\\/\"}}]}<\/script>\n<!-- \/ Yoast SEO plugin. -->","yoast_head_json":{"title":"Terms & Conditions | Mills Merchandise","description":"Review the terms and conditions for shopping at Mills Merchandise. Understand our policies to ensure a smooth purchase process.","robots":{"index":"index","follow":"follow","max-snippet":"max-snippet:-1","max-image-preview":"max-image-preview:large","max-video-preview":"max-video-preview:-1"},"canonical":"https:\/\/store.mills-nutrients.com\/fr\/terms-conditions\/","og_locale":"fr_FR","og_type":"article","og_title":"Terms & Conditions | Mills Merchandise","og_description":"Review the terms and conditions for shopping at Mills Merchandise. Understand our policies to ensure a smooth purchase process.","og_url":"https:\/\/store.mills-nutrients.com\/fr\/terms-conditions\/","og_site_name":"Mills Nutrients Shop","article_modified_time":"2024-12-20T16:11:12+00:00","twitter_card":"summary_large_image","twitter_misc":{"Dur\u00e9e de lecture estim\u00e9e":"7 minutes"},"schema":{"@context":"https:\/\/schema.org","@graph":[{"@type":"WebPage","@id":"https:\/\/store.mills-nutrients.com\/fr\/terms-conditions\/","url":"https:\/\/store.mills-nutrients.com\/fr\/terms-conditions\/","name":"Terms & Conditions | Mills Merchandise","isPartOf":{"@id":"https:\/\/store.mills-nutrients.com\/fr\/#website"},"datePublished":"2024-02-09T07:19:15+00:00","dateModified":"2024-12-20T16:11:12+00:00","description":"Review the terms and conditions for shopping at Mills Merchandise. Understand our policies to ensure a smooth purchase process.","breadcrumb":{"@id":"https:\/\/store.mills-nutrients.com\/fr\/terms-conditions\/#breadcrumb"},"inLanguage":"fr-FR","potentialAction":[{"@type":"ReadAction","target":["https:\/\/store.mills-nutrients.com\/fr\/terms-conditions\/"]}]},{"@type":"BreadcrumbList","@id":"https:\/\/store.mills-nutrients.com\/fr\/terms-conditions\/#breadcrumb","itemListElement":[{"@type":"ListItem","position":1,"name":"Home","item":"https:\/\/store.mills-nutrients.com\/fr\/"},{"@type":"ListItem","position":2,"name":"Conditions G\u00e9n\u00e9rales"}]},{"@type":"WebSite","@id":"https:\/\/store.mills-nutrients.com\/fr\/#website","url":"https:\/\/store.mills-nutrients.com\/fr\/","name":"Mills Nutrients Shop","description":"","publisher":{"@id":"https:\/\/store.mills-nutrients.com\/fr\/#organization"},"potentialAction":[{"@type":"SearchAction","target":{"@type":"EntryPoint","urlTemplate":"https:\/\/store.mills-nutrients.com\/fr\/?s={search_term_string}"},"query-input":{"@type":"PropertyValueSpecification","valueRequired":true,"valueName":"search_term_string"}}],"inLanguage":"fr-FR"},{"@type":"Organization","@id":"https:\/\/store.mills-nutrients.com\/fr\/#organization","name":"Mills Nutrients Shop","url":"https:\/\/store.mills-nutrients.com\/fr\/","logo":{"@type":"ImageObject","inLanguage":"fr-FR","@id":"https:\/\/store.mills-nutrients.com\/fr\/#\/schema\/logo\/image\/","url":"https:\/\/store.mills-nutrients.com\/wp-content\/uploads\/2024\/10\/cropped-Mills-logo-2.png","contentUrl":"https:\/\/store.mills-nutrients.com\/wp-content\/uploads\/2024\/10\/cropped-Mills-logo-2.png","width":500,"height":175,"caption":"Mills Nutrients Shop"},"image":{"@id":"https:\/\/store.mills-nutrients.com\/fr\/#\/schema\/logo\/image\/"}}]}},"_links":{"self":[{"href":"https:\/\/store.mills-nutrients.com\/fr\/wp-json\/wp\/v2\/pages\/4973","targetHints":{"allow":["GET"]}}],"collection":[{"href":"https:\/\/store.mills-nutrients.com\/fr\/wp-json\/wp\/v2\/pages"}],"about":[{"href":"https:\/\/store.mills-nutrients.com\/fr\/wp-json\/wp\/v2\/types\/page"}],"author":[{"embeddable":true,"href":"https:\/\/store.mills-nutrients.com\/fr\/wp-json\/wp\/v2\/users\/3"}],"replies":[{"embeddable":true,"href":"https:\/\/store.mills-nutrients.com\/fr\/wp-json\/wp\/v2\/comments?post=4973"}],"version-history":[{"count":4,"href":"https:\/\/store.mills-nutrients.com\/fr\/wp-json\/wp\/v2\/pages\/4973\/revisions"}],"predecessor-version":[{"id":5002,"href":"https:\/\/store.mills-nutrients.com\/fr\/wp-json\/wp\/v2\/pages\/4973\/revisions\/5002"}],"wp:attachment":[{"href":"https:\/\/store.mills-nutrients.com\/fr\/wp-json\/wp\/v2\/media?parent=4973"}],"curies":[{"name":"wp","href":"https:\/\/api.w.org\/{rel}","templated":true}]}}