{"id":5309,"date":"2024-09-27T12:37:57","date_gmt":"2024-09-27T12:37:57","guid":{"rendered":"https:\/\/store.mills-nutrients.com\/product\/mills-bomber-jack-black\/"},"modified":"2024-12-21T14:25:52","modified_gmt":"2024-12-21T14:25:52","slug":"mills-bomber-jack-black","status":"publish","type":"product","link":"https:\/\/store.mills-nutrients.com\/es\/producto\/mills-bomber-jack-black\/","title":{"rendered":"Mills Bomber Jack"},"content":{"rendered":"","protected":false},"excerpt":{"rendered":"<p>Mant\u00e9ngase abrigado y con estilo con nuestra chaqueta bomber de alta calidad, confeccionada con poli\u00e9ster 100 % reciclado. Disponible en todos los tama\u00f1os hasta XXL.<\/p>\n","protected":false},"featured_media":4099,"comment_status":"open","ping_status":"closed","template":"","meta":[],"product_brand":[],"product_cat":[95],"product_tag":[],"class_list":{"0":"post-5309","1":"product","2":"type-product","3":"status-publish","4":"has-post-thumbnail","6":"product_cat-merchandise-es","8":"first","9":"instock","10":"shipping-taxable","11":"purchasable","12":"product-type-variable"},"yoast_head":"<!-- This site is optimized with the Yoast SEO plugin v27.4 - https:\/\/yoast.com\/product\/yoast-seo-wordpress\/ -->\n<title>Mills Bomber Jack - Mills Nutrients Shop<\/title>\n<meta name=\"robots\" content=\"index, follow, max-snippet:-1, max-image-preview:large, max-video-preview:-1\" \/>\n<link rel=\"canonical\" href=\"https:\/\/store.mills-nutrients.com\/es\/producto\/mills-bomber-jack-black\/\" \/>\n<meta property=\"og:locale\" content=\"es_ES\" \/>\n<meta property=\"og:type\" content=\"article\" \/>\n<meta property=\"og:title\" content=\"Mills Bomber Jack - Mills Nutrients Shop\" \/>\n<meta property=\"og:description\" content=\"Mant\u00e9ngase abrigado y con estilo con nuestra chaqueta bomber de alta calidad, confeccionada con poli\u00e9ster 100 % reciclado. Disponible en todos los tama\u00f1os hasta XXL.\" \/>\n<meta property=\"og:url\" content=\"https:\/\/store.mills-nutrients.com\/es\/producto\/mills-bomber-jack-black\/\" \/>\n<meta property=\"og:site_name\" content=\"Mills Nutrients Shop\" \/>\n<meta property=\"article:modified_time\" content=\"2024-12-21T14:25:52+00:00\" \/>\n<meta property=\"og:image\" content=\"https:\/\/store.mills-nutrients.com\/wp-content\/uploads\/2024\/09\/BomberJacket_web_1.jpg\" \/>\n\t<meta property=\"og:image:width\" content=\"1000\" \/>\n\t<meta property=\"og:image:height\" content=\"667\" \/>\n\t<meta property=\"og:image:type\" content=\"image\/jpeg\" \/>\n<meta name=\"twitter:card\" content=\"summary_large_image\" \/>\n<meta name=\"twitter:label1\" content=\"Tiempo de lectura\" \/>\n\t<meta name=\"twitter:data1\" content=\"1 minuto\" \/>\n<script type=\"application\/ld+json\" class=\"yoast-schema-graph\">{\"@context\":\"https:\\\/\\\/schema.org\",\"@graph\":[{\"@type\":\"WebPage\",\"@id\":\"https:\\\/\\\/store.mills-nutrients.com\\\/es\\\/producto\\\/mills-bomber-jack-black\\\/\",\"url\":\"https:\\\/\\\/store.mills-nutrients.com\\\/es\\\/producto\\\/mills-bomber-jack-black\\\/\",\"name\":\"Mills Bomber Jack - Mills Nutrients Shop\",\"isPartOf\":{\"@id\":\"https:\\\/\\\/store.mills-nutrients.com\\\/es\\\/#website\"},\"primaryImageOfPage\":{\"@id\":\"https:\\\/\\\/store.mills-nutrients.com\\\/es\\\/producto\\\/mills-bomber-jack-black\\\/#primaryimage\"},\"image\":{\"@id\":\"https:\\\/\\\/store.mills-nutrients.com\\\/es\\\/producto\\\/mills-bomber-jack-black\\\/#primaryimage\"},\"thumbnailUrl\":\"https:\\\/\\\/store.mills-nutrients.com\\\/wp-content\\\/uploads\\\/2024\\\/09\\\/BomberJacket_web_1.jpg\",\"datePublished\":\"2024-09-27T12:37:57+00:00\",\"dateModified\":\"2024-12-21T14:25:52+00:00\",\"breadcrumb\":{\"@id\":\"https:\\\/\\\/store.mills-nutrients.com\\\/es\\\/producto\\\/mills-bomber-jack-black\\\/#breadcrumb\"},\"inLanguage\":\"es\",\"potentialAction\":[{\"@type\":\"ReadAction\",\"target\":[\"https:\\\/\\\/store.mills-nutrients.com\\\/es\\\/producto\\\/mills-bomber-jack-black\\\/\"]}]},{\"@type\":\"ImageObject\",\"inLanguage\":\"es\",\"@id\":\"https:\\\/\\\/store.mills-nutrients.com\\\/es\\\/producto\\\/mills-bomber-jack-black\\\/#primaryimage\",\"url\":\"https:\\\/\\\/store.mills-nutrients.com\\\/wp-content\\\/uploads\\\/2024\\\/09\\\/BomberJacket_web_1.jpg\",\"contentUrl\":\"https:\\\/\\\/store.mills-nutrients.com\\\/wp-content\\\/uploads\\\/2024\\\/09\\\/BomberJacket_web_1.jpg\",\"width\":1000,\"height\":667},{\"@type\":\"BreadcrumbList\",\"@id\":\"https:\\\/\\\/store.mills-nutrients.com\\\/es\\\/producto\\\/mills-bomber-jack-black\\\/#breadcrumb\",\"itemListElement\":[{\"@type\":\"ListItem\",\"position\":1,\"name\":\"Home\",\"item\":\"https:\\\/\\\/store.mills-nutrients.com\\\/es\\\/\"},{\"@type\":\"ListItem\",\"position\":2,\"name\":\"Tienda\",\"item\":\"https:\\\/\\\/store.mills-nutrients.com\\\/es\\\/tienda\\\/\"},{\"@type\":\"ListItem\",\"position\":3,\"name\":\"Mills Bomber Jack\"}]},{\"@type\":\"WebSite\",\"@id\":\"https:\\\/\\\/store.mills-nutrients.com\\\/es\\\/#website\",\"url\":\"https:\\\/\\\/store.mills-nutrients.com\\\/es\\\/\",\"name\":\"Mills Nutrients Shop\",\"description\":\"\",\"publisher\":{\"@id\":\"https:\\\/\\\/store.mills-nutrients.com\\\/es\\\/#organization\"},\"potentialAction\":[{\"@type\":\"SearchAction\",\"target\":{\"@type\":\"EntryPoint\",\"urlTemplate\":\"https:\\\/\\\/store.mills-nutrients.com\\\/es\\\/?s={search_term_string}\"},\"query-input\":{\"@type\":\"PropertyValueSpecification\",\"valueRequired\":true,\"valueName\":\"search_term_string\"}}],\"inLanguage\":\"es\"},{\"@type\":\"Organization\",\"@id\":\"https:\\\/\\\/store.mills-nutrients.com\\\/es\\\/#organization\",\"name\":\"Mills Nutrients Shop\",\"url\":\"https:\\\/\\\/store.mills-nutrients.com\\\/es\\\/\",\"logo\":{\"@type\":\"ImageObject\",\"inLanguage\":\"es\",\"@id\":\"https:\\\/\\\/store.mills-nutrients.com\\\/es\\\/#\\\/schema\\\/logo\\\/image\\\/\",\"url\":\"https:\\\/\\\/store.mills-nutrients.com\\\/wp-content\\\/uploads\\\/2024\\\/10\\\/cropped-Mills-logo-2.png\",\"contentUrl\":\"https:\\\/\\\/store.mills-nutrients.com\\\/wp-content\\\/uploads\\\/2024\\\/10\\\/cropped-Mills-logo-2.png\",\"width\":500,\"height\":175,\"caption\":\"Mills Nutrients Shop\"},\"image\":{\"@id\":\"https:\\\/\\\/store.mills-nutrients.com\\\/es\\\/#\\\/schema\\\/logo\\\/image\\\/\"}}]}<\/script>\n<!-- \/ Yoast SEO plugin. -->","yoast_head_json":{"title":"Mills Bomber Jack - Mills Nutrients Shop","robots":{"index":"index","follow":"follow","max-snippet":"max-snippet:-1","max-image-preview":"max-image-preview:large","max-video-preview":"max-video-preview:-1"},"canonical":"https:\/\/store.mills-nutrients.com\/es\/producto\/mills-bomber-jack-black\/","og_locale":"es_ES","og_type":"article","og_title":"Mills Bomber Jack - Mills Nutrients Shop","og_description":"Mant\u00e9ngase abrigado y con estilo con nuestra chaqueta bomber de alta calidad, confeccionada con poli\u00e9ster 100 % reciclado. Disponible en todos los tama\u00f1os hasta XXL.","og_url":"https:\/\/store.mills-nutrients.com\/es\/producto\/mills-bomber-jack-black\/","og_site_name":"Mills Nutrients Shop","article_modified_time":"2024-12-21T14:25:52+00:00","og_image":[{"width":1000,"height":667,"url":"https:\/\/store.mills-nutrients.com\/wp-content\/uploads\/2024\/09\/BomberJacket_web_1.jpg","type":"image\/jpeg"}],"twitter_card":"summary_large_image","twitter_misc":{"Tiempo de lectura":"1 minuto"},"schema":{"@context":"https:\/\/schema.org","@graph":[{"@type":"WebPage","@id":"https:\/\/store.mills-nutrients.com\/es\/producto\/mills-bomber-jack-black\/","url":"https:\/\/store.mills-nutrients.com\/es\/producto\/mills-bomber-jack-black\/","name":"Mills Bomber Jack - Mills Nutrients Shop","isPartOf":{"@id":"https:\/\/store.mills-nutrients.com\/es\/#website"},"primaryImageOfPage":{"@id":"https:\/\/store.mills-nutrients.com\/es\/producto\/mills-bomber-jack-black\/#primaryimage"},"image":{"@id":"https:\/\/store.mills-nutrients.com\/es\/producto\/mills-bomber-jack-black\/#primaryimage"},"thumbnailUrl":"https:\/\/store.mills-nutrients.com\/wp-content\/uploads\/2024\/09\/BomberJacket_web_1.jpg","datePublished":"2024-09-27T12:37:57+00:00","dateModified":"2024-12-21T14:25:52+00:00","breadcrumb":{"@id":"https:\/\/store.mills-nutrients.com\/es\/producto\/mills-bomber-jack-black\/#breadcrumb"},"inLanguage":"es","potentialAction":[{"@type":"ReadAction","target":["https:\/\/store.mills-nutrients.com\/es\/producto\/mills-bomber-jack-black\/"]}]},{"@type":"ImageObject","inLanguage":"es","@id":"https:\/\/store.mills-nutrients.com\/es\/producto\/mills-bomber-jack-black\/#primaryimage","url":"https:\/\/store.mills-nutrients.com\/wp-content\/uploads\/2024\/09\/BomberJacket_web_1.jpg","contentUrl":"https:\/\/store.mills-nutrients.com\/wp-content\/uploads\/2024\/09\/BomberJacket_web_1.jpg","width":1000,"height":667},{"@type":"BreadcrumbList","@id":"https:\/\/store.mills-nutrients.com\/es\/producto\/mills-bomber-jack-black\/#breadcrumb","itemListElement":[{"@type":"ListItem","position":1,"name":"Home","item":"https:\/\/store.mills-nutrients.com\/es\/"},{"@type":"ListItem","position":2,"name":"Tienda","item":"https:\/\/store.mills-nutrients.com\/es\/tienda\/"},{"@type":"ListItem","position":3,"name":"Mills Bomber Jack"}]},{"@type":"WebSite","@id":"https:\/\/store.mills-nutrients.com\/es\/#website","url":"https:\/\/store.mills-nutrients.com\/es\/","name":"Mills Nutrients Shop","description":"","publisher":{"@id":"https:\/\/store.mills-nutrients.com\/es\/#organization"},"potentialAction":[{"@type":"SearchAction","target":{"@type":"EntryPoint","urlTemplate":"https:\/\/store.mills-nutrients.com\/es\/?s={search_term_string}"},"query-input":{"@type":"PropertyValueSpecification","valueRequired":true,"valueName":"search_term_string"}}],"inLanguage":"es"},{"@type":"Organization","@id":"https:\/\/store.mills-nutrients.com\/es\/#organization","name":"Mills Nutrients Shop","url":"https:\/\/store.mills-nutrients.com\/es\/","logo":{"@type":"ImageObject","inLanguage":"es","@id":"https:\/\/store.mills-nutrients.com\/es\/#\/schema\/logo\/image\/","url":"https:\/\/store.mills-nutrients.com\/wp-content\/uploads\/2024\/10\/cropped-Mills-logo-2.png","contentUrl":"https:\/\/store.mills-nutrients.com\/wp-content\/uploads\/2024\/10\/cropped-Mills-logo-2.png","width":500,"height":175,"caption":"Mills Nutrients Shop"},"image":{"@id":"https:\/\/store.mills-nutrients.com\/es\/#\/schema\/logo\/image\/"}}]}},"_links":{"self":[{"href":"https:\/\/store.mills-nutrients.com\/es\/wp-json\/wp\/v2\/product\/5309","targetHints":{"allow":["GET"]}}],"collection":[{"href":"https:\/\/store.mills-nutrients.com\/es\/wp-json\/wp\/v2\/product"}],"about":[{"href":"https:\/\/store.mills-nutrients.com\/es\/wp-json\/wp\/v2\/types\/product"}],"replies":[{"embeddable":true,"href":"https:\/\/store.mills-nutrients.com\/es\/wp-json\/wp\/v2\/comments?post=5309"}],"wp:featuredmedia":[{"embeddable":true,"href":"https:\/\/store.mills-nutrients.com\/es\/wp-json\/wp\/v2\/media\/4099"}],"wp:attachment":[{"href":"https:\/\/store.mills-nutrients.com\/es\/wp-json\/wp\/v2\/media?parent=5309"}],"wp:term":[{"taxonomy":"product_brand","embeddable":true,"href":"https:\/\/store.mills-nutrients.com\/es\/wp-json\/wp\/v2\/product_brand?post=5309"},{"taxonomy":"product_cat","embeddable":true,"href":"https:\/\/store.mills-nutrients.com\/es\/wp-json\/wp\/v2\/product_cat?post=5309"},{"taxonomy":"product_tag","embeddable":true,"href":"https:\/\/store.mills-nutrients.com\/es\/wp-json\/wp\/v2\/product_tag?post=5309"}],"curies":[{"name":"wp","href":"https:\/\/api.w.org\/{rel}","templated":true}]}}