{"id":5123,"date":"2024-09-27T12:25:03","date_gmt":"2024-09-27T12:25:03","guid":{"rendered":"https:\/\/store.mills-nutrients.com\/product\/mills-3d-bucket-hat\/"},"modified":"2024-12-21T11:52:20","modified_gmt":"2024-12-21T11:52:20","slug":"mills-3d-bucket-hat","status":"publish","type":"product","link":"https:\/\/store.mills-nutrients.com\/es\/producto\/mills-3d-bucket-hat\/","title":{"rendered":"Gorro pescador Mills 3D"},"content":{"rendered":"","protected":false},"excerpt":{"rendered":"<p>A\u00f1ade un toque de estilo con nuestro moderno gorro pescador, dise\u00f1ado para proporcionar estilo y<br \/>protecci\u00f3n solar.<\/p>\n","protected":false},"featured_media":5814,"comment_status":"open","ping_status":"closed","template":"","meta":[],"product_brand":[],"product_cat":[95],"product_tag":[],"class_list":{"0":"post-5123","1":"product","2":"type-product","3":"status-publish","4":"has-post-thumbnail","6":"product_cat-merchandise-es","8":"first","9":"instock","10":"shipping-taxable","11":"purchasable","12":"product-type-simple"},"yoast_head":"<!-- This site is optimized with the Yoast SEO plugin v27.4 - https:\/\/yoast.com\/product\/yoast-seo-wordpress\/ -->\n<title>Gorro pescador Mills 3D - Mills Nutrients Shop<\/title>\n<meta name=\"robots\" content=\"index, follow, max-snippet:-1, max-image-preview:large, max-video-preview:-1\" \/>\n<link rel=\"canonical\" href=\"https:\/\/store.mills-nutrients.com\/es\/producto\/mills-3d-bucket-hat\/\" \/>\n<meta property=\"og:locale\" content=\"es_ES\" \/>\n<meta property=\"og:type\" content=\"article\" \/>\n<meta property=\"og:title\" content=\"Gorro pescador Mills 3D - Mills Nutrients Shop\" \/>\n<meta property=\"og:description\" content=\"A\u00f1ade un toque de estilo con nuestro moderno gorro pescador, dise\u00f1ado para proporcionar estilo yprotecci\u00f3n solar.\" \/>\n<meta property=\"og:url\" content=\"https:\/\/store.mills-nutrients.com\/es\/producto\/mills-3d-bucket-hat\/\" \/>\n<meta property=\"og:site_name\" content=\"Mills Nutrients Shop\" \/>\n<meta property=\"article:modified_time\" content=\"2024-12-21T11:52:20+00:00\" \/>\n<meta property=\"og:image\" content=\"https:\/\/store.mills-nutrients.com\/wp-content\/uploads\/2024\/09\/jumbotron-decoration-2.png\" \/>\n\t<meta property=\"og:image:width\" content=\"2560\" \/>\n\t<meta property=\"og:image:height\" content=\"1386\" \/>\n\t<meta property=\"og:image:type\" content=\"image\/png\" \/>\n<meta name=\"twitter:card\" content=\"summary_large_image\" \/>\n<script type=\"application\/ld+json\" class=\"yoast-schema-graph\">{\"@context\":\"https:\\\/\\\/schema.org\",\"@graph\":[{\"@type\":\"WebPage\",\"@id\":\"https:\\\/\\\/store.mills-nutrients.com\\\/es\\\/producto\\\/mills-3d-bucket-hat\\\/\",\"url\":\"https:\\\/\\\/store.mills-nutrients.com\\\/es\\\/producto\\\/mills-3d-bucket-hat\\\/\",\"name\":\"Gorro pescador Mills 3D - Mills Nutrients Shop\",\"isPartOf\":{\"@id\":\"https:\\\/\\\/store.mills-nutrients.com\\\/es\\\/#website\"},\"primaryImageOfPage\":{\"@id\":\"https:\\\/\\\/store.mills-nutrients.com\\\/es\\\/producto\\\/mills-3d-bucket-hat\\\/#primaryimage\"},\"image\":{\"@id\":\"https:\\\/\\\/store.mills-nutrients.com\\\/es\\\/producto\\\/mills-3d-bucket-hat\\\/#primaryimage\"},\"thumbnailUrl\":\"https:\\\/\\\/store.mills-nutrients.com\\\/wp-content\\\/uploads\\\/2025\\\/04\\\/Mills_POS_Bucket_Hat-scaled.jpg\",\"datePublished\":\"2024-09-27T12:25:03+00:00\",\"dateModified\":\"2024-12-21T11:52:20+00:00\",\"breadcrumb\":{\"@id\":\"https:\\\/\\\/store.mills-nutrients.com\\\/es\\\/producto\\\/mills-3d-bucket-hat\\\/#breadcrumb\"},\"inLanguage\":\"es\",\"potentialAction\":[{\"@type\":\"ReadAction\",\"target\":[\"https:\\\/\\\/store.mills-nutrients.com\\\/es\\\/producto\\\/mills-3d-bucket-hat\\\/\"]}]},{\"@type\":\"ImageObject\",\"inLanguage\":\"es\",\"@id\":\"https:\\\/\\\/store.mills-nutrients.com\\\/es\\\/producto\\\/mills-3d-bucket-hat\\\/#primaryimage\",\"url\":\"https:\\\/\\\/store.mills-nutrients.com\\\/wp-content\\\/uploads\\\/2025\\\/04\\\/Mills_POS_Bucket_Hat-scaled.jpg\",\"contentUrl\":\"https:\\\/\\\/store.mills-nutrients.com\\\/wp-content\\\/uploads\\\/2025\\\/04\\\/Mills_POS_Bucket_Hat-scaled.jpg\",\"width\":2560,\"height\":1707},{\"@type\":\"BreadcrumbList\",\"@id\":\"https:\\\/\\\/store.mills-nutrients.com\\\/es\\\/producto\\\/mills-3d-bucket-hat\\\/#breadcrumb\",\"itemListElement\":[{\"@type\":\"ListItem\",\"position\":1,\"name\":\"Home\",\"item\":\"https:\\\/\\\/store.mills-nutrients.com\\\/es\\\/\"},{\"@type\":\"ListItem\",\"position\":2,\"name\":\"Tienda\",\"item\":\"https:\\\/\\\/store.mills-nutrients.com\\\/es\\\/tienda\\\/\"},{\"@type\":\"ListItem\",\"position\":3,\"name\":\"Gorro pescador Mills 3D\"}]},{\"@type\":\"WebSite\",\"@id\":\"https:\\\/\\\/store.mills-nutrients.com\\\/es\\\/#website\",\"url\":\"https:\\\/\\\/store.mills-nutrients.com\\\/es\\\/\",\"name\":\"Mills Nutrients Shop\",\"description\":\"\",\"publisher\":{\"@id\":\"https:\\\/\\\/store.mills-nutrients.com\\\/es\\\/#organization\"},\"potentialAction\":[{\"@type\":\"SearchAction\",\"target\":{\"@type\":\"EntryPoint\",\"urlTemplate\":\"https:\\\/\\\/store.mills-nutrients.com\\\/es\\\/?s={search_term_string}\"},\"query-input\":{\"@type\":\"PropertyValueSpecification\",\"valueRequired\":true,\"valueName\":\"search_term_string\"}}],\"inLanguage\":\"es\"},{\"@type\":\"Organization\",\"@id\":\"https:\\\/\\\/store.mills-nutrients.com\\\/es\\\/#organization\",\"name\":\"Mills Nutrients Shop\",\"url\":\"https:\\\/\\\/store.mills-nutrients.com\\\/es\\\/\",\"logo\":{\"@type\":\"ImageObject\",\"inLanguage\":\"es\",\"@id\":\"https:\\\/\\\/store.mills-nutrients.com\\\/es\\\/#\\\/schema\\\/logo\\\/image\\\/\",\"url\":\"https:\\\/\\\/store.mills-nutrients.com\\\/wp-content\\\/uploads\\\/2024\\\/10\\\/cropped-Mills-logo-2.png\",\"contentUrl\":\"https:\\\/\\\/store.mills-nutrients.com\\\/wp-content\\\/uploads\\\/2024\\\/10\\\/cropped-Mills-logo-2.png\",\"width\":500,\"height\":175,\"caption\":\"Mills Nutrients Shop\"},\"image\":{\"@id\":\"https:\\\/\\\/store.mills-nutrients.com\\\/es\\\/#\\\/schema\\\/logo\\\/image\\\/\"}}]}<\/script>\n<!-- \/ Yoast SEO plugin. -->","yoast_head_json":{"title":"Gorro pescador Mills 3D - Mills Nutrients Shop","robots":{"index":"index","follow":"follow","max-snippet":"max-snippet:-1","max-image-preview":"max-image-preview:large","max-video-preview":"max-video-preview:-1"},"canonical":"https:\/\/store.mills-nutrients.com\/es\/producto\/mills-3d-bucket-hat\/","og_locale":"es_ES","og_type":"article","og_title":"Gorro pescador Mills 3D - Mills Nutrients Shop","og_description":"A\u00f1ade un toque de estilo con nuestro moderno gorro pescador, dise\u00f1ado para proporcionar estilo yprotecci\u00f3n solar.","og_url":"https:\/\/store.mills-nutrients.com\/es\/producto\/mills-3d-bucket-hat\/","og_site_name":"Mills Nutrients Shop","article_modified_time":"2024-12-21T11:52:20+00:00","og_image":[{"width":2560,"height":1386,"url":"https:\/\/store.mills-nutrients.com\/wp-content\/uploads\/2024\/09\/jumbotron-decoration-2.png","type":"image\/png"}],"twitter_card":"summary_large_image","schema":{"@context":"https:\/\/schema.org","@graph":[{"@type":"WebPage","@id":"https:\/\/store.mills-nutrients.com\/es\/producto\/mills-3d-bucket-hat\/","url":"https:\/\/store.mills-nutrients.com\/es\/producto\/mills-3d-bucket-hat\/","name":"Gorro pescador Mills 3D - Mills Nutrients Shop","isPartOf":{"@id":"https:\/\/store.mills-nutrients.com\/es\/#website"},"primaryImageOfPage":{"@id":"https:\/\/store.mills-nutrients.com\/es\/producto\/mills-3d-bucket-hat\/#primaryimage"},"image":{"@id":"https:\/\/store.mills-nutrients.com\/es\/producto\/mills-3d-bucket-hat\/#primaryimage"},"thumbnailUrl":"https:\/\/store.mills-nutrients.com\/wp-content\/uploads\/2025\/04\/Mills_POS_Bucket_Hat-scaled.jpg","datePublished":"2024-09-27T12:25:03+00:00","dateModified":"2024-12-21T11:52:20+00:00","breadcrumb":{"@id":"https:\/\/store.mills-nutrients.com\/es\/producto\/mills-3d-bucket-hat\/#breadcrumb"},"inLanguage":"es","potentialAction":[{"@type":"ReadAction","target":["https:\/\/store.mills-nutrients.com\/es\/producto\/mills-3d-bucket-hat\/"]}]},{"@type":"ImageObject","inLanguage":"es","@id":"https:\/\/store.mills-nutrients.com\/es\/producto\/mills-3d-bucket-hat\/#primaryimage","url":"https:\/\/store.mills-nutrients.com\/wp-content\/uploads\/2025\/04\/Mills_POS_Bucket_Hat-scaled.jpg","contentUrl":"https:\/\/store.mills-nutrients.com\/wp-content\/uploads\/2025\/04\/Mills_POS_Bucket_Hat-scaled.jpg","width":2560,"height":1707},{"@type":"BreadcrumbList","@id":"https:\/\/store.mills-nutrients.com\/es\/producto\/mills-3d-bucket-hat\/#breadcrumb","itemListElement":[{"@type":"ListItem","position":1,"name":"Home","item":"https:\/\/store.mills-nutrients.com\/es\/"},{"@type":"ListItem","position":2,"name":"Tienda","item":"https:\/\/store.mills-nutrients.com\/es\/tienda\/"},{"@type":"ListItem","position":3,"name":"Gorro pescador Mills 3D"}]},{"@type":"WebSite","@id":"https:\/\/store.mills-nutrients.com\/es\/#website","url":"https:\/\/store.mills-nutrients.com\/es\/","name":"Mills Nutrients Shop","description":"","publisher":{"@id":"https:\/\/store.mills-nutrients.com\/es\/#organization"},"potentialAction":[{"@type":"SearchAction","target":{"@type":"EntryPoint","urlTemplate":"https:\/\/store.mills-nutrients.com\/es\/?s={search_term_string}"},"query-input":{"@type":"PropertyValueSpecification","valueRequired":true,"valueName":"search_term_string"}}],"inLanguage":"es"},{"@type":"Organization","@id":"https:\/\/store.mills-nutrients.com\/es\/#organization","name":"Mills Nutrients Shop","url":"https:\/\/store.mills-nutrients.com\/es\/","logo":{"@type":"ImageObject","inLanguage":"es","@id":"https:\/\/store.mills-nutrients.com\/es\/#\/schema\/logo\/image\/","url":"https:\/\/store.mills-nutrients.com\/wp-content\/uploads\/2024\/10\/cropped-Mills-logo-2.png","contentUrl":"https:\/\/store.mills-nutrients.com\/wp-content\/uploads\/2024\/10\/cropped-Mills-logo-2.png","width":500,"height":175,"caption":"Mills Nutrients Shop"},"image":{"@id":"https:\/\/store.mills-nutrients.com\/es\/#\/schema\/logo\/image\/"}}]}},"_links":{"self":[{"href":"https:\/\/store.mills-nutrients.com\/es\/wp-json\/wp\/v2\/product\/5123","targetHints":{"allow":["GET"]}}],"collection":[{"href":"https:\/\/store.mills-nutrients.com\/es\/wp-json\/wp\/v2\/product"}],"about":[{"href":"https:\/\/store.mills-nutrients.com\/es\/wp-json\/wp\/v2\/types\/product"}],"replies":[{"embeddable":true,"href":"https:\/\/store.mills-nutrients.com\/es\/wp-json\/wp\/v2\/comments?post=5123"}],"wp:featuredmedia":[{"embeddable":true,"href":"https:\/\/store.mills-nutrients.com\/es\/wp-json\/wp\/v2\/media\/5814"}],"wp:attachment":[{"href":"https:\/\/store.mills-nutrients.com\/es\/wp-json\/wp\/v2\/media?parent=5123"}],"wp:term":[{"taxonomy":"product_brand","embeddable":true,"href":"https:\/\/store.mills-nutrients.com\/es\/wp-json\/wp\/v2\/product_brand?post=5123"},{"taxonomy":"product_cat","embeddable":true,"href":"https:\/\/store.mills-nutrients.com\/es\/wp-json\/wp\/v2\/product_cat?post=5123"},{"taxonomy":"product_tag","embeddable":true,"href":"https:\/\/store.mills-nutrients.com\/es\/wp-json\/wp\/v2\/product_tag?post=5123"}],"curies":[{"name":"wp","href":"https:\/\/api.w.org\/{rel}","templated":true}]}}