{"id":5368,"date":"2023-08-16T14:01:59","date_gmt":"2023-08-16T14:01:59","guid":{"rendered":"https:\/\/store.mills-nutrients.com\/privacy-policy\/"},"modified":"2024-12-21T12:39:00","modified_gmt":"2024-12-21T12:39:00","slug":"politica-de-privacidad","status":"publish","type":"page","link":"https:\/\/store.mills-nutrients.com\/es\/politica-de-privacidad\/","title":{"rendered":"Privacidad"},"content":{"rendered":"\t\t<div data-elementor-type=\"wp-page\" data-elementor-id=\"5368\" class=\"elementor elementor-5368 elementor-25\" data-elementor-post-type=\"page\">\n\t\t\t\t<div class=\"elementor-element elementor-element-40ca2b2 e-flex e-con-boxed e-con e-parent\" data-id=\"40ca2b2\" data-element_type=\"container\" data-e-type=\"container\" data-settings=\"{&quot;background_background&quot;:&quot;gradient&quot;}\">\n\t\t\t\t\t<div class=\"e-con-inner\">\n\t\t<div class=\"elementor-element elementor-element-2b896c8 e-flex e-con-boxed e-con e-child\" data-id=\"2b896c8\" data-element_type=\"container\" data-e-type=\"container\" data-settings=\"{&quot;background_background&quot;:&quot;classic&quot;}\">\n\t\t\t\t\t<div class=\"e-con-inner\">\n\t\t\t\t<div class=\"elementor-element elementor-element-2ed9f80 elementor-widget elementor-widget-heading\" data-id=\"2ed9f80\" data-element_type=\"widget\" data-e-type=\"widget\" data-widget_type=\"heading.default\">\n\t\t\t\t<div class=\"elementor-widget-container\">\n\t\t\t\t\t<h1 class=\"elementor-heading-title elementor-size-default\">Pol\u00edtica de privacidad<\/h1>\t\t\t\t<\/div>\n\t\t\t\t<\/div>\n\t\t\t\t<div class=\"elementor-element elementor-element-960a4b7 elementor-widget elementor-widget-text-editor\" data-id=\"960a4b7\" data-element_type=\"widget\" data-e-type=\"widget\" data-widget_type=\"text-editor.default\">\n\t\t\t\t<div class=\"elementor-widget-container\">\n\t\t\t\t\t\t\t\t\t<p>Gracias por consultar la Pol\u00edtica de Privacidad de Mills Nutrients. Esta Pol\u00edtica de Privacidad explica c\u00f3mo Mills Nutrients B.V. (colectivamente, \u00abMills Nutrients\u00bb, \u00abnosotros\u00bb, \u00abnos\u00bb o \u00abnuestro\u00bb) recopila, utiliza y comparte informaci\u00f3n sobre usted (\u00abusted\u00bb, \u00absu\u00bb o \u00abusuario\u00bb) cuando accede o utiliza nuestros sitios web (\u00abServicios\u00bb).<\/p><p>Los usuarios son responsables de cualquier dato de terceros que proporcionen o compartan a trav\u00e9s de los Servicios y confirman que tienen el consentimiento de dichos terceros para proporcionar dicha informaci\u00f3n.<\/p><hr \/><h4><strong>Informaci\u00f3n que recopilamos<\/strong><\/h4><p>Podemos recopilar y combinar informaci\u00f3n sobre usted cuando accede o utiliza los Servicios, que incluye:<\/p><ul><li><strong>Informaci\u00f3n de contacto<\/strong>: como direcci\u00f3n (calle, ciudad, estado, c\u00f3digo postal).<\/li><li><strong>Informaci\u00f3n de registro y uso<\/strong>: como tipo de navegador, modelo de hardware, sistema operativo, direcci\u00f3n IP, identificadores \u00fanicos de dispositivos, horarios de acceso, p\u00e1ginas vistas, enlaces clicados, comportamiento de navegaci\u00f3n como el tiempo que pasa, el sitio del que proviene y el sitio que visita cuando nos deja.<\/li><li><strong>Informaci\u00f3n de la cuenta<\/strong>: si crea una cuenta en los Servicios, recopilamos la informaci\u00f3n que nos proporciona relacionada con la cuenta, como nombre, apellido, nombre de usuario, contrase\u00f1a y direcci\u00f3n de correo electr\u00f3nico.<\/li><li><strong>Informaci\u00f3n transaccional<\/strong>: como los art\u00edculos en su carrito, productos comprados, detalles del producto, informaci\u00f3n de env\u00edo, precio de compra, fecha de compra e informaci\u00f3n de pago.<\/li><\/ul><hr \/><h4><strong>C\u00f3mo utilizamos su informaci\u00f3n<\/strong><\/h4><p>Utilizamos la informaci\u00f3n que recopilamos sobre usted para proporcionar, mantener y mejorar nuestros Servicios y otras interacciones que tenemos con usted. Por ejemplo:<\/p><ul><li>Facilitar y mejorar la experiencia en l\u00ednea;<\/li><li>Proporcionar y entregar productos y servicios, autenticar, procesar transacciones y devoluciones, y enviarle informaci\u00f3n relacionada, incluidas confirmaciones, recibos, facturas, encuestas de experiencia del cliente y notificaciones relacionadas con productos o Servicios;<\/li><li>Procesar y entregar promociones;<\/li><li>Responder a sus comentarios y preguntas y proporcionar servicio al cliente;<\/li><li>Enviar notificaciones o mensajes promocionales, si ha indicado que desea recibirlos;<\/li><li>Detectar, investigar y prevenir transacciones fraudulentas y otras actividades ilegales, y proteger nuestros derechos, propiedades y los de otros;<\/li><li>Cumplir con nuestras obligaciones legales y financieras;<\/li><li>Supervisar y analizar tendencias, uso y actividades;<\/li><li>Proporcionar y permitir que nuestros socios ofrezcan publicidad y marketing dirigidos a sus intereses.<\/li><\/ul><hr \/><h4><strong>C\u00f3mo podemos compartir la informaci\u00f3n<\/strong><\/h4><p>Podemos compartir su informaci\u00f3n personal en las siguientes situaciones:<\/p><ul><li><strong>Proveedores de servicios externos<\/strong>: Podemos compartir datos con proveedores de servicios, contratistas o agentes que completen transacciones o realicen servicios en nuestro nombre, como env\u00edo y entrega, procesamiento de pagos, prevenci\u00f3n de fraudes, servicio al cliente, personalizaci\u00f3n, marketing y publicidad.<\/li><li><strong>Cambio en la empresa<\/strong>: Podemos compartir datos en relaci\u00f3n con una transacci\u00f3n comercial, como una fusi\u00f3n o adquisici\u00f3n de todo o parte de nuestro negocio por parte de otra empresa, una reorganizaci\u00f3n corporativa, insolvencia o bancarrota, financiamiento o venta de activos de la empresa.<\/li><li><strong>Cumplimiento de la ley<\/strong>: Podemos compartir datos para facilitar procesos legales derivados de solicitudes legales de autoridades p\u00fablicas, incluidos requisitos de seguridad nacional o cumplimiento de la ley, seg\u00fan lo permita la ley.<\/li><li><strong>Con su consentimiento<\/strong>: Podemos compartir datos con terceros cuando tenemos su consentimiento.<\/li><li><strong>Con socios publicitarios y de an\u00e1lisis<\/strong>: Consulte la secci\u00f3n \u00abPublicidad y An\u00e1lisis\u00bb a continuaci\u00f3n.<\/li><\/ul><hr \/><h4><strong>Google Analytics<\/strong><\/h4><p>Utilizamos Google Analytics, un servicio de an\u00e1lisis proporcionado por Google LLC. Este servicio nos ayuda a analizar c\u00f3mo los usuarios utilizan los Servicios, incluida la utilizaci\u00f3n en m\u00faltiples dispositivos, para ofrecer mejoras a todos los usuarios. Visite la Pol\u00edtica de Privacidad de Google Analytics para obtener m\u00e1s informaci\u00f3n. Para deshabilitar esta funci\u00f3n, instale el complemento de inhabilitaci\u00f3n de Google Analytics para navegadores.<\/p><hr \/><h4><strong>Seguridad de los datos<\/strong><\/h4><p>Implementamos medidas de seguridad razonables desde el punto de vista comercial para proteger su informaci\u00f3n. Sin embargo, ninguna medida de seguridad es completamente infranqueable.<\/p><hr \/><h4><strong>Conservaci\u00f3n de los datos<\/strong><\/h4><p>Almacenamos la informaci\u00f3n que recopilamos sobre usted durante el tiempo necesario para los fines para los que la recopilamos o para otros fines comerciales leg\u00edtimos, incluidos el cumplimiento de nuestras obligaciones legales, reglamentarias u otras.<\/p><hr \/><h4><strong>Derechos de privacidad en la UE<\/strong><\/h4><p>Las personas ubicadas en ciertos pa\u00edses, incluido el Espacio Econ\u00f3mico Europeo (EEE) y el Reino Unido, tienen derechos bajo el Reglamento General de Protecci\u00f3n de Datos (RGPD) en relaci\u00f3n con sus datos personales.<\/p><hr \/><h4><strong>Solicitudes de acceso a datos<\/strong><\/h4><p>Sujeto a cualquier exenci\u00f3n prevista por la ley, tiene derecho a:<\/p><ul><li>Solicitar una copia de los datos personales que tenemos sobre usted;<\/li><li>Corregir los datos personales que tenemos sobre usted;<\/li><li>Eliminar su cuenta o datos personales;<\/li><li>Oponerse al procesamiento de sus datos personales para ciertos fines.<\/li><\/ul><p>Para acceder a sus derechos de privacidad, env\u00edenos un correo electr\u00f3nico a <a rel=\"noopener\">shop@mills-nutrients.com<\/a>.<\/p><p>Generalmente procesaremos las solicitudes dentro de un mes. Podemos necesitar informaci\u00f3n espec\u00edfica de usted para ayudarnos a confirmar su identidad y\/o la jurisdicci\u00f3n en la que reside. Si su solicitud es complicada o ha realizado un gran n\u00famero de solicitudes, puede llevarnos m\u00e1s tiempo. Le informaremos si necesitamos m\u00e1s de un mes para responder.<\/p><hr \/><h4><strong>Bases legales para el procesamiento de datos personales<\/strong><\/h4><p>Podemos procesar sus datos personales bajo las siguientes bases legales:<\/p><ul><li><strong>Necesidad contractual<\/strong>: Para celebrar o ejecutar un contrato con usted.<\/li><li><strong>Consentimiento<\/strong>: Cuando haya proporcionado su consentimiento. Puede retirar su consentimiento en cualquier momento.<\/li><li><strong>Inter\u00e9s leg\u00edtimo<\/strong>: Para ofrecer nuestros Servicios, incluidas mejoras, comunicaci\u00f3n y servicio al cliente.<\/li><\/ul><hr \/><h4><strong>Limitaciones de edad<\/strong><\/h4><p>Nuestros Servicios est\u00e1n destinados a adultos de 18 a\u00f1os o m\u00e1s. No recopilamos informaci\u00f3n de identificaci\u00f3n personal de ni\u00f1os de manera intencionada. Si es un padre o tutor legal y cree que su hijo menor de 13 a\u00f1os nos ha proporcionado informaci\u00f3n, cont\u00e1ctenos en <a rel=\"noopener\">shop@mills-nutrients.com<\/a>.<\/p><hr \/><h4><strong>Cambios a esta pol\u00edtica de privacidad<\/strong><\/h4><p>Mills Nutrients puede cambiar esta Pol\u00edtica de Privacidad de vez en cuando. Le recomendamos visitar esta p\u00e1gina regularmente. Si los cambios son significativos, podemos informarle a trav\u00e9s de un correo electr\u00f3nico o de los Servicios. El uso continuado de los Servicios indica su aceptaci\u00f3n de la Pol\u00edtica de Privacidad modificada.<\/p><hr \/><h4><strong>Boletines informativos<\/strong><\/h4><p>Puede optar por no recibir nuestros correos electr\u00f3nicos de marketing y\/o boletines informativos contact\u00e1ndonos como se describe en \u00abCont\u00e1ctenos\u00bb. Todav\u00eda podemos enviarle mensajes transaccionales, que incluyen comunicaciones relacionadas con los Servicios y respuestas a sus preguntas.<\/p><hr \/><h4><strong>Almacenamiento de informaci\u00f3n<\/strong><\/h4><p>La informaci\u00f3n que mantenemos puede almacenarse dentro y fuera de la Uni\u00f3n Europea. Si reside fuera de la UE, comprende y acepta que podemos transferir su informaci\u00f3n internacionalmente.<\/p><hr \/><h4><strong>Cont\u00e1ctenos<\/strong><\/h4><p>Para preguntas relacionadas con esta Pol\u00edtica de Privacidad, puede contactarnos en:<\/p><p>Mills Nutrients<br \/><a rel=\"noopener\">shop@mills-nutrients.com<\/a><br \/>+31 20 223 3957<\/p>\t\t\t\t\t\t\t\t<\/div>\n\t\t\t\t<\/div>\n\t\t\t\t\t<\/div>\n\t\t\t\t<\/div>\n\t\t\t\t\t<\/div>\n\t\t\t\t<\/div>\n\t\t\t\t<\/div>\n\t\t","protected":false},"excerpt":{"rendered":"<p>Pol\u00edtica de privacidad Gracias por consultar la Pol\u00edtica de Privacidad de Mills Nutrients. Esta Pol\u00edtica de Privacidad explica c\u00f3mo Mills Nutrients B.V. (colectivamente, \u00abMills Nutrients\u00bb, \u00abnosotros\u00bb, \u00abnos\u00bb o \u00abnuestro\u00bb) recopila, utiliza y comparte informaci\u00f3n sobre usted (\u00abusted\u00bb, \u00absu\u00bb o \u00abusuario\u00bb) cuando accede o utiliza nuestros sitios web (\u00abServicios\u00bb). Los usuarios son responsables de cualquier dato [&hellip;]<\/p>\n","protected":false},"author":2,"featured_media":0,"parent":0,"menu_order":36,"comment_status":"closed","ping_status":"closed","template":"elementor_header_footer","meta":{"footnotes":""},"class_list":["post-5368","page","type-page","status-publish","hentry"],"yoast_head":"<!-- This site is optimized with the Yoast SEO plugin v27.3 - https:\/\/yoast.com\/product\/yoast-seo-wordpress\/ -->\n<title>Privacy Policy | Mills Merchandise<\/title>\n<meta name=\"description\" content=\"Read our privacy policy to understand how Mills Merchandise protects and uses your information while shopping on our site.\" \/>\n<meta name=\"robots\" content=\"index, follow, max-snippet:-1, max-image-preview:large, max-video-preview:-1\" \/>\n<link rel=\"canonical\" href=\"https:\/\/store.mills-nutrients.com\/es\/politica-de-privacidad\/\" \/>\n<meta property=\"og:locale\" content=\"es_ES\" \/>\n<meta property=\"og:type\" content=\"article\" \/>\n<meta property=\"og:title\" content=\"Privacy Policy | Mills Merchandise\" \/>\n<meta property=\"og:description\" content=\"Read our privacy policy to understand how Mills Merchandise protects and uses your information while shopping on our site.\" \/>\n<meta property=\"og:url\" content=\"https:\/\/store.mills-nutrients.com\/es\/politica-de-privacidad\/\" \/>\n<meta property=\"og:site_name\" content=\"Mills Nutrients Shop\" \/>\n<meta property=\"article:modified_time\" content=\"2024-12-21T12:39:00+00:00\" \/>\n<meta name=\"twitter:card\" content=\"summary_large_image\" \/>\n<meta name=\"twitter:label1\" content=\"Tiempo de lectura\" \/>\n\t<meta name=\"twitter:data1\" content=\"6 minutos\" \/>\n<script type=\"application\/ld+json\" class=\"yoast-schema-graph\">{\"@context\":\"https:\\\/\\\/schema.org\",\"@graph\":[{\"@type\":\"WebPage\",\"@id\":\"https:\\\/\\\/store.mills-nutrients.com\\\/es\\\/politica-de-privacidad\\\/\",\"url\":\"https:\\\/\\\/store.mills-nutrients.com\\\/es\\\/politica-de-privacidad\\\/\",\"name\":\"Privacy Policy | Mills Merchandise\",\"isPartOf\":{\"@id\":\"https:\\\/\\\/store.mills-nutrients.com\\\/es\\\/#website\"},\"datePublished\":\"2023-08-16T14:01:59+00:00\",\"dateModified\":\"2024-12-21T12:39:00+00:00\",\"description\":\"Read our privacy policy to understand how Mills Merchandise protects and uses your information while shopping on our site.\",\"breadcrumb\":{\"@id\":\"https:\\\/\\\/store.mills-nutrients.com\\\/es\\\/politica-de-privacidad\\\/#breadcrumb\"},\"inLanguage\":\"es\",\"potentialAction\":[{\"@type\":\"ReadAction\",\"target\":[\"https:\\\/\\\/store.mills-nutrients.com\\\/es\\\/politica-de-privacidad\\\/\"]}]},{\"@type\":\"BreadcrumbList\",\"@id\":\"https:\\\/\\\/store.mills-nutrients.com\\\/es\\\/politica-de-privacidad\\\/#breadcrumb\",\"itemListElement\":[{\"@type\":\"ListItem\",\"position\":1,\"name\":\"Home\",\"item\":\"https:\\\/\\\/store.mills-nutrients.com\\\/es\\\/\"},{\"@type\":\"ListItem\",\"position\":2,\"name\":\"Privacidad\"}]},{\"@type\":\"WebSite\",\"@id\":\"https:\\\/\\\/store.mills-nutrients.com\\\/es\\\/#website\",\"url\":\"https:\\\/\\\/store.mills-nutrients.com\\\/es\\\/\",\"name\":\"Mills Nutrients Shop\",\"description\":\"\",\"publisher\":{\"@id\":\"https:\\\/\\\/store.mills-nutrients.com\\\/es\\\/#organization\"},\"potentialAction\":[{\"@type\":\"SearchAction\",\"target\":{\"@type\":\"EntryPoint\",\"urlTemplate\":\"https:\\\/\\\/store.mills-nutrients.com\\\/es\\\/?s={search_term_string}\"},\"query-input\":{\"@type\":\"PropertyValueSpecification\",\"valueRequired\":true,\"valueName\":\"search_term_string\"}}],\"inLanguage\":\"es\"},{\"@type\":\"Organization\",\"@id\":\"https:\\\/\\\/store.mills-nutrients.com\\\/es\\\/#organization\",\"name\":\"Mills Nutrients Shop\",\"url\":\"https:\\\/\\\/store.mills-nutrients.com\\\/es\\\/\",\"logo\":{\"@type\":\"ImageObject\",\"inLanguage\":\"es\",\"@id\":\"https:\\\/\\\/store.mills-nutrients.com\\\/es\\\/#\\\/schema\\\/logo\\\/image\\\/\",\"url\":\"https:\\\/\\\/store.mills-nutrients.com\\\/wp-content\\\/uploads\\\/2024\\\/10\\\/cropped-Mills-logo-2.png\",\"contentUrl\":\"https:\\\/\\\/store.mills-nutrients.com\\\/wp-content\\\/uploads\\\/2024\\\/10\\\/cropped-Mills-logo-2.png\",\"width\":500,\"height\":175,\"caption\":\"Mills Nutrients Shop\"},\"image\":{\"@id\":\"https:\\\/\\\/store.mills-nutrients.com\\\/es\\\/#\\\/schema\\\/logo\\\/image\\\/\"}}]}<\/script>\n<!-- \/ Yoast SEO plugin. -->","yoast_head_json":{"title":"Privacy Policy | Mills Merchandise","description":"Read our privacy policy to understand how Mills Merchandise protects and uses your information while shopping on our site.","robots":{"index":"index","follow":"follow","max-snippet":"max-snippet:-1","max-image-preview":"max-image-preview:large","max-video-preview":"max-video-preview:-1"},"canonical":"https:\/\/store.mills-nutrients.com\/es\/politica-de-privacidad\/","og_locale":"es_ES","og_type":"article","og_title":"Privacy Policy | Mills Merchandise","og_description":"Read our privacy policy to understand how Mills Merchandise protects and uses your information while shopping on our site.","og_url":"https:\/\/store.mills-nutrients.com\/es\/politica-de-privacidad\/","og_site_name":"Mills Nutrients Shop","article_modified_time":"2024-12-21T12:39:00+00:00","twitter_card":"summary_large_image","twitter_misc":{"Tiempo de lectura":"6 minutos"},"schema":{"@context":"https:\/\/schema.org","@graph":[{"@type":"WebPage","@id":"https:\/\/store.mills-nutrients.com\/es\/politica-de-privacidad\/","url":"https:\/\/store.mills-nutrients.com\/es\/politica-de-privacidad\/","name":"Privacy Policy | Mills Merchandise","isPartOf":{"@id":"https:\/\/store.mills-nutrients.com\/es\/#website"},"datePublished":"2023-08-16T14:01:59+00:00","dateModified":"2024-12-21T12:39:00+00:00","description":"Read our privacy policy to understand how Mills Merchandise protects and uses your information while shopping on our site.","breadcrumb":{"@id":"https:\/\/store.mills-nutrients.com\/es\/politica-de-privacidad\/#breadcrumb"},"inLanguage":"es","potentialAction":[{"@type":"ReadAction","target":["https:\/\/store.mills-nutrients.com\/es\/politica-de-privacidad\/"]}]},{"@type":"BreadcrumbList","@id":"https:\/\/store.mills-nutrients.com\/es\/politica-de-privacidad\/#breadcrumb","itemListElement":[{"@type":"ListItem","position":1,"name":"Home","item":"https:\/\/store.mills-nutrients.com\/es\/"},{"@type":"ListItem","position":2,"name":"Privacidad"}]},{"@type":"WebSite","@id":"https:\/\/store.mills-nutrients.com\/es\/#website","url":"https:\/\/store.mills-nutrients.com\/es\/","name":"Mills Nutrients Shop","description":"","publisher":{"@id":"https:\/\/store.mills-nutrients.com\/es\/#organization"},"potentialAction":[{"@type":"SearchAction","target":{"@type":"EntryPoint","urlTemplate":"https:\/\/store.mills-nutrients.com\/es\/?s={search_term_string}"},"query-input":{"@type":"PropertyValueSpecification","valueRequired":true,"valueName":"search_term_string"}}],"inLanguage":"es"},{"@type":"Organization","@id":"https:\/\/store.mills-nutrients.com\/es\/#organization","name":"Mills Nutrients Shop","url":"https:\/\/store.mills-nutrients.com\/es\/","logo":{"@type":"ImageObject","inLanguage":"es","@id":"https:\/\/store.mills-nutrients.com\/es\/#\/schema\/logo\/image\/","url":"https:\/\/store.mills-nutrients.com\/wp-content\/uploads\/2024\/10\/cropped-Mills-logo-2.png","contentUrl":"https:\/\/store.mills-nutrients.com\/wp-content\/uploads\/2024\/10\/cropped-Mills-logo-2.png","width":500,"height":175,"caption":"Mills Nutrients Shop"},"image":{"@id":"https:\/\/store.mills-nutrients.com\/es\/#\/schema\/logo\/image\/"}}]}},"_links":{"self":[{"href":"https:\/\/store.mills-nutrients.com\/es\/wp-json\/wp\/v2\/pages\/5368","targetHints":{"allow":["GET"]}}],"collection":[{"href":"https:\/\/store.mills-nutrients.com\/es\/wp-json\/wp\/v2\/pages"}],"about":[{"href":"https:\/\/store.mills-nutrients.com\/es\/wp-json\/wp\/v2\/types\/page"}],"author":[{"embeddable":true,"href":"https:\/\/store.mills-nutrients.com\/es\/wp-json\/wp\/v2\/users\/2"}],"replies":[{"embeddable":true,"href":"https:\/\/store.mills-nutrients.com\/es\/wp-json\/wp\/v2\/comments?post=5368"}],"version-history":[{"count":5,"href":"https:\/\/store.mills-nutrients.com\/es\/wp-json\/wp\/v2\/pages\/5368\/revisions"}],"predecessor-version":[{"id":5399,"href":"https:\/\/store.mills-nutrients.com\/es\/wp-json\/wp\/v2\/pages\/5368\/revisions\/5399"}],"wp:attachment":[{"href":"https:\/\/store.mills-nutrients.com\/es\/wp-json\/wp\/v2\/media?parent=5368"}],"curies":[{"name":"wp","href":"https:\/\/api.w.org\/{rel}","templated":true}]}}