{"id":3558,"date":"2024-02-07T13:58:24","date_gmt":"2024-02-07T13:58:24","guid":{"rendered":"https:\/\/store.mills-nutrients.com\/mi-cuenta\/"},"modified":"2024-12-21T15:00:58","modified_gmt":"2024-12-21T15:00:58","slug":"mi-cuenta","status":"publish","type":"page","link":"https:\/\/store.mills-nutrients.com\/es\/mi-cuenta\/","title":{"rendered":"Mi cuenta"},"content":{"rendered":"\t\t<div data-elementor-type=\"wp-page\" data-elementor-id=\"3558\" class=\"elementor elementor-3558 elementor-292\" data-elementor-post-type=\"page\">\n\t\t\t\t<div class=\"elementor-element elementor-element-2419c44 e-flex e-con-boxed e-con e-parent\" data-id=\"2419c44\" data-element_type=\"container\" data-e-type=\"container\" data-settings=\"{&quot;background_background&quot;:&quot;gradient&quot;}\">\n\t\t\t\t\t<div class=\"e-con-inner\">\n\t\t<div class=\"elementor-element elementor-element-590a2f1 e-flex e-con-boxed e-con e-child\" data-id=\"590a2f1\" data-element_type=\"container\" data-e-type=\"container\" data-settings=\"{&quot;background_background&quot;:&quot;classic&quot;}\">\n\t\t\t\t\t<div class=\"e-con-inner\">\n\t\t<div class=\"elementor-element elementor-element-245cc6b e-flex e-con-boxed e-con e-child\" data-id=\"245cc6b\" data-element_type=\"container\" data-e-type=\"container\" data-settings=\"{&quot;background_background&quot;:&quot;classic&quot;}\">\n\t\t\t\t\t<div class=\"e-con-inner\">\n\t\t\t\t<div class=\"elementor-element elementor-element-3e711be elementor-widget__width-auto elementor-widget elementor-widget-html\" data-id=\"3e711be\" data-element_type=\"widget\" data-e-type=\"widget\" data-widget_type=\"html.default\">\n\t\t\t\t<div class=\"elementor-widget-container\">\n\t\t\t\t\t<a href=\"\/\">\r\n  <svg viewBox=\"0 0 109 36\" xmlns=\"http:\/\/www.w3.org\/2000\/svg\" width=\"200\" height=\"60\">\r\n    <g fill=\"none\" fill-rule=\"evenodd\">\r\n      <path d=\"M107.292 25.949c-.693-.854-1.726-1.542-3.1-2.061-1.388-.519-3.314-1.04-5.782-1.56-2.173-.453-3.452-.74-3.84-.86-.453-.12-.68-.374-.68-.762 0-.812.766-1.219 2.3-1.219 1.947 0 3.628.674 5.04 2.022h5.684v-5.642h-6.143v1c-1.628-.907-3.64-1.36-6.04-1.36-2.32 0-4.235.5-5.741 1.5-1.521 1.012-2.28 2.595-2.28 4.74 0 .976.159 1.762.477 2.362.295.599.875 1.215 1.743 1.84.84.625 1.987 1.148 3.44 1.56 1.681.492 3.214.926 4.598 1.299 1.724.414 2.784.728 3.183.942.388.198.58.486.58.86 0 .732-.894 1.101-2.682 1.101-1.77 0-3.405-.788-4.9-2.248h-.015v-.011h-8.088V7.727H72.924v6.101h2.06v15.624h-4.105V7.727H58.757v6.101h2.06v15.624h-3.265V16.15h-12.06v6.102h2.001v7.2H43.71V25.07c0-2.266-.235-4.026-.701-5.279-.454-1.215-1.242-2.19-2.361-2.922-1.093-.719-2.487-1.079-4.18-1.079-3.095 0-6.13 1.267-9.103 3.801-1.121-2.534-3.328-3.8-6.623-3.8-1.413 0-2.894.299-4.438.898-1.56.601-2.82 1.307-3.782 2.12V16.15H0v6.102h2.44v7.2H.04v6.1h15.204v-6.1h-2.721v-5.86c1.133-.829 2.214-1.24 3.24-1.24.893 0 1.489.28 1.781.838.294.574.441 1.928.441 4.061v8.302h12.803v-6.101h-2.742v-5.86c1.108-.829 2.208-1.24 3.3-1.24.866 0 1.468.266 1.801.799.334.532.5 1.887.5 4.06v8.342h59.905V34.31c1.68.88 3.727 1.32 6.14 1.32 2.424 0 4.467-.526 6.121-1.581 1.667-1.066 2.5-2.72 2.5-4.958 0-1.242-.34-2.287-1.02-3.142\" fill=\"#fff\"><\/path>\r\n      <path fill=\"#F05121\" d=\"M57.946 10.969l-3.817-3.82 3.779-3.785-2.91-2.906-3.782 3.78-3.82-3.816-2.877 2.882 3.816 3.816-3.782 3.786 2.907 2.906 3.785-3.781 3.819 3.818z\"><\/path>\r\n    <\/g>\r\n  <\/svg>\r\n<\/a>\r\n\t\t\t\t<\/div>\n\t\t\t\t<\/div>\n\t\t\t\t\t<\/div>\n\t\t\t\t<\/div>\n\t\t\t\t<div class=\"elementor-element elementor-element-4c7a904 elementor-widget elementor-widget-heading\" data-id=\"4c7a904\" data-element_type=\"widget\" data-e-type=\"widget\" data-widget_type=\"heading.default\">\n\t\t\t\t<div class=\"elementor-widget-container\">\n\t\t\t\t\t<h1 class=\"elementor-heading-title elementor-size-default\">Bienvenido de nuevo, por favor inicia sesi\u00f3n a continuaci\u00f3n<\/h1>\t\t\t\t<\/div>\n\t\t\t\t<\/div>\n\t\t\t\t<div class=\"elementor-element elementor-element-7df6b24 e-my-account-tabs-vertical elementor-widget elementor-widget-woocommerce-my-account\" data-id=\"7df6b24\" data-element_type=\"widget\" data-e-type=\"widget\" data-widget_type=\"woocommerce-my-account.default\">\n\t\t\t\t<div class=\"elementor-widget-container\">\n\t\t\t\t\t<div class=\"e-my-account-tab e-my-account-tab__ \">\t\t\t<div class=\"woocommerce\"><div class=\"woocommerce-notices-wrapper\"><\/div>\n\n\t\t<h2>Acceder<\/h2>\n\n\t\t<form class=\"woocommerce-form woocommerce-form-login login\" method=\"post\" novalidate>\n\n\t\t\t\n\t\t\t<p class=\"woocommerce-form-row woocommerce-form-row--wide form-row form-row-wide\">\n\t\t\t\t<label for=\"username\">Nombre de usuario o correo electr\u00f3nico&nbsp;<span class=\"required\" aria-hidden=\"true\">*<\/span><span class=\"screen-reader-text\">Obligatorio<\/span><\/label>\n\t\t\t\t<input type=\"text\" class=\"woocommerce-Input woocommerce-Input--text input-text\" name=\"username\" id=\"username\" autocomplete=\"username\" value=\"\" required aria-required=\"true\" \/>\t\t\t<\/p>\n\t\t\t<p class=\"woocommerce-form-row woocommerce-form-row--wide form-row form-row-wide\">\n\t\t\t\t<label for=\"password\">Contrase\u00f1a&nbsp;<span class=\"required\" aria-hidden=\"true\">*<\/span><span class=\"screen-reader-text\">Obligatorio<\/span><\/label>\n\t\t\t\t<input class=\"woocommerce-Input woocommerce-Input--text input-text\" type=\"password\" name=\"password\" id=\"password\" autocomplete=\"current-password\" required aria-required=\"true\" \/>\n\t\t\t<\/p>\n\n\t\t\t\n\t\t\t<p class=\"form-row\">\n\t\t\t\t<label class=\"woocommerce-form__label woocommerce-form__label-for-checkbox woocommerce-form-login__rememberme\">\n\t\t\t\t\t<input class=\"woocommerce-form__input woocommerce-form__input-checkbox\" name=\"rememberme\" type=\"checkbox\" id=\"rememberme\" value=\"forever\" \/> <span>Recu\u00e9rdame<\/span>\n\t\t\t\t<\/label>\n\t\t\t\t<input type=\"hidden\" id=\"woocommerce-login-nonce\" name=\"woocommerce-login-nonce\" value=\"604238896c\" \/><input type=\"hidden\" name=\"_wp_http_referer\" value=\"\/es\/wp-json\/wp\/v2\/pages\/3558\" \/>\t\t\t\t<button type=\"submit\" class=\"woocommerce-button button woocommerce-form-login__submit\" name=\"login\" value=\"Acceso\">Acceso<\/button>\n\t\t\t<\/p>\n\t\t\t<p class=\"woocommerce-LostPassword lost_password\">\n\t\t\t\t<a href=\"https:\/\/store.mills-nutrients.com\/es\/mi-cuenta\/lost-password\/\">\u00bfOlvidaste la contrase\u00f1a?<\/a>\n\t\t\t<\/p>\n\n\t\t\t\n\t\t<\/form>\n\n\n<\/div>\t\t<\/div>\n\t\t\t\t\t\t<\/div>\n\t\t\t\t<\/div>\n\t\t\t\t\t<\/div>\n\t\t\t\t<\/div>\n\t\t\t\t\t<\/div>\n\t\t\t\t<\/div>\n\t\t\t\t<\/div>\n\t\t","protected":false},"excerpt":{"rendered":"<p>Descripci\u00f3n general de la cuenta Bienvenido de nuevo, por favor inicia sesi\u00f3n a continuaci\u00f3n Panel Pedidos Descargas Direcciones Detalles de la cuenta Cerrar sesi\u00f3n Hello admin (not admin? Log out) From your account dashboard you can view your recent orders, manage your shipping and billing addresses, and edit your password and account details.<\/p>\n","protected":false},"author":2,"featured_media":0,"parent":0,"menu_order":22,"comment_status":"closed","ping_status":"closed","template":"elementor_header_footer","meta":{"footnotes":""},"class_list":["post-3558","page","type-page","status-publish","hentry"],"yoast_head":"<!-- This site is optimized with the Yoast SEO plugin v27.3 - https:\/\/yoast.com\/product\/yoast-seo-wordpress\/ -->\n<title>Mi cuenta - Mills Nutrients Shop<\/title>\n<meta name=\"robots\" content=\"index, follow, max-snippet:-1, max-image-preview:large, max-video-preview:-1\" \/>\n<link rel=\"canonical\" href=\"https:\/\/store.mills-nutrients.com\/es\/mi-cuenta\/\" \/>\n<meta property=\"og:locale\" content=\"es_ES\" \/>\n<meta property=\"og:type\" content=\"article\" \/>\n<meta property=\"og:title\" content=\"Mi cuenta - Mills Nutrients Shop\" \/>\n<meta property=\"og:description\" content=\"Descripci\u00f3n general de la cuenta Bienvenido de nuevo, por favor inicia sesi\u00f3n a continuaci\u00f3n Panel Pedidos Descargas Direcciones Detalles de la cuenta Cerrar sesi\u00f3n Hello admin (not admin? Log out) From your account dashboard you can view your recent orders, manage your shipping and billing addresses, and edit your password and account details.\" \/>\n<meta property=\"og:url\" content=\"https:\/\/store.mills-nutrients.com\/es\/mi-cuenta\/\" \/>\n<meta property=\"og:site_name\" content=\"Mills Nutrients Shop\" \/>\n<meta property=\"article:modified_time\" content=\"2024-12-21T15:00:58+00:00\" \/>\n<meta name=\"twitter:card\" content=\"summary_large_image\" \/>\n<meta name=\"twitter:label1\" content=\"Tiempo de lectura\" \/>\n\t<meta name=\"twitter:data1\" content=\"1 minuto\" \/>\n<script type=\"application\/ld+json\" class=\"yoast-schema-graph\">{\"@context\":\"https:\\\/\\\/schema.org\",\"@graph\":[{\"@type\":\"WebPage\",\"@id\":\"https:\\\/\\\/store.mills-nutrients.com\\\/es\\\/mi-cuenta\\\/\",\"url\":\"https:\\\/\\\/store.mills-nutrients.com\\\/es\\\/mi-cuenta\\\/\",\"name\":\"Mi cuenta - Mills Nutrients Shop\",\"isPartOf\":{\"@id\":\"https:\\\/\\\/store.mills-nutrients.com\\\/es\\\/#website\"},\"datePublished\":\"2024-02-07T13:58:24+00:00\",\"dateModified\":\"2024-12-21T15:00:58+00:00\",\"breadcrumb\":{\"@id\":\"https:\\\/\\\/store.mills-nutrients.com\\\/es\\\/mi-cuenta\\\/#breadcrumb\"},\"inLanguage\":\"es\",\"potentialAction\":[{\"@type\":\"ReadAction\",\"target\":[\"https:\\\/\\\/store.mills-nutrients.com\\\/es\\\/mi-cuenta\\\/\"]}]},{\"@type\":\"BreadcrumbList\",\"@id\":\"https:\\\/\\\/store.mills-nutrients.com\\\/es\\\/mi-cuenta\\\/#breadcrumb\",\"itemListElement\":[{\"@type\":\"ListItem\",\"position\":1,\"name\":\"Home\",\"item\":\"https:\\\/\\\/store.mills-nutrients.com\\\/es\\\/\"},{\"@type\":\"ListItem\",\"position\":2,\"name\":\"Mi cuenta\"}]},{\"@type\":\"WebSite\",\"@id\":\"https:\\\/\\\/store.mills-nutrients.com\\\/es\\\/#website\",\"url\":\"https:\\\/\\\/store.mills-nutrients.com\\\/es\\\/\",\"name\":\"Mills Nutrients Shop\",\"description\":\"\",\"publisher\":{\"@id\":\"https:\\\/\\\/store.mills-nutrients.com\\\/es\\\/#organization\"},\"potentialAction\":[{\"@type\":\"SearchAction\",\"target\":{\"@type\":\"EntryPoint\",\"urlTemplate\":\"https:\\\/\\\/store.mills-nutrients.com\\\/es\\\/?s={search_term_string}\"},\"query-input\":{\"@type\":\"PropertyValueSpecification\",\"valueRequired\":true,\"valueName\":\"search_term_string\"}}],\"inLanguage\":\"es\"},{\"@type\":\"Organization\",\"@id\":\"https:\\\/\\\/store.mills-nutrients.com\\\/es\\\/#organization\",\"name\":\"Mills Nutrients Shop\",\"url\":\"https:\\\/\\\/store.mills-nutrients.com\\\/es\\\/\",\"logo\":{\"@type\":\"ImageObject\",\"inLanguage\":\"es\",\"@id\":\"https:\\\/\\\/store.mills-nutrients.com\\\/es\\\/#\\\/schema\\\/logo\\\/image\\\/\",\"url\":\"https:\\\/\\\/store.mills-nutrients.com\\\/wp-content\\\/uploads\\\/2024\\\/10\\\/cropped-Mills-logo-2.png\",\"contentUrl\":\"https:\\\/\\\/store.mills-nutrients.com\\\/wp-content\\\/uploads\\\/2024\\\/10\\\/cropped-Mills-logo-2.png\",\"width\":500,\"height\":175,\"caption\":\"Mills Nutrients Shop\"},\"image\":{\"@id\":\"https:\\\/\\\/store.mills-nutrients.com\\\/es\\\/#\\\/schema\\\/logo\\\/image\\\/\"}}]}<\/script>\n<!-- \/ Yoast SEO plugin. -->","yoast_head_json":{"title":"Mi cuenta - Mills Nutrients Shop","robots":{"index":"index","follow":"follow","max-snippet":"max-snippet:-1","max-image-preview":"max-image-preview:large","max-video-preview":"max-video-preview:-1"},"canonical":"https:\/\/store.mills-nutrients.com\/es\/mi-cuenta\/","og_locale":"es_ES","og_type":"article","og_title":"Mi cuenta - Mills Nutrients Shop","og_description":"Descripci\u00f3n general de la cuenta Bienvenido de nuevo, por favor inicia sesi\u00f3n a continuaci\u00f3n Panel Pedidos Descargas Direcciones Detalles de la cuenta Cerrar sesi\u00f3n Hello admin (not admin? Log out) From your account dashboard you can view your recent orders, manage your shipping and billing addresses, and edit your password and account details.","og_url":"https:\/\/store.mills-nutrients.com\/es\/mi-cuenta\/","og_site_name":"Mills Nutrients Shop","article_modified_time":"2024-12-21T15:00:58+00:00","twitter_card":"summary_large_image","twitter_misc":{"Tiempo de lectura":"1 minuto"},"schema":{"@context":"https:\/\/schema.org","@graph":[{"@type":"WebPage","@id":"https:\/\/store.mills-nutrients.com\/es\/mi-cuenta\/","url":"https:\/\/store.mills-nutrients.com\/es\/mi-cuenta\/","name":"Mi cuenta - Mills Nutrients Shop","isPartOf":{"@id":"https:\/\/store.mills-nutrients.com\/es\/#website"},"datePublished":"2024-02-07T13:58:24+00:00","dateModified":"2024-12-21T15:00:58+00:00","breadcrumb":{"@id":"https:\/\/store.mills-nutrients.com\/es\/mi-cuenta\/#breadcrumb"},"inLanguage":"es","potentialAction":[{"@type":"ReadAction","target":["https:\/\/store.mills-nutrients.com\/es\/mi-cuenta\/"]}]},{"@type":"BreadcrumbList","@id":"https:\/\/store.mills-nutrients.com\/es\/mi-cuenta\/#breadcrumb","itemListElement":[{"@type":"ListItem","position":1,"name":"Home","item":"https:\/\/store.mills-nutrients.com\/es\/"},{"@type":"ListItem","position":2,"name":"Mi cuenta"}]},{"@type":"WebSite","@id":"https:\/\/store.mills-nutrients.com\/es\/#website","url":"https:\/\/store.mills-nutrients.com\/es\/","name":"Mills Nutrients Shop","description":"","publisher":{"@id":"https:\/\/store.mills-nutrients.com\/es\/#organization"},"potentialAction":[{"@type":"SearchAction","target":{"@type":"EntryPoint","urlTemplate":"https:\/\/store.mills-nutrients.com\/es\/?s={search_term_string}"},"query-input":{"@type":"PropertyValueSpecification","valueRequired":true,"valueName":"search_term_string"}}],"inLanguage":"es"},{"@type":"Organization","@id":"https:\/\/store.mills-nutrients.com\/es\/#organization","name":"Mills Nutrients Shop","url":"https:\/\/store.mills-nutrients.com\/es\/","logo":{"@type":"ImageObject","inLanguage":"es","@id":"https:\/\/store.mills-nutrients.com\/es\/#\/schema\/logo\/image\/","url":"https:\/\/store.mills-nutrients.com\/wp-content\/uploads\/2024\/10\/cropped-Mills-logo-2.png","contentUrl":"https:\/\/store.mills-nutrients.com\/wp-content\/uploads\/2024\/10\/cropped-Mills-logo-2.png","width":500,"height":175,"caption":"Mills Nutrients Shop"},"image":{"@id":"https:\/\/store.mills-nutrients.com\/es\/#\/schema\/logo\/image\/"}}]}},"_links":{"self":[{"href":"https:\/\/store.mills-nutrients.com\/es\/wp-json\/wp\/v2\/pages\/3558","targetHints":{"allow":["GET"]}}],"collection":[{"href":"https:\/\/store.mills-nutrients.com\/es\/wp-json\/wp\/v2\/pages"}],"about":[{"href":"https:\/\/store.mills-nutrients.com\/es\/wp-json\/wp\/v2\/types\/page"}],"author":[{"embeddable":true,"href":"https:\/\/store.mills-nutrients.com\/es\/wp-json\/wp\/v2\/users\/2"}],"replies":[{"embeddable":true,"href":"https:\/\/store.mills-nutrients.com\/es\/wp-json\/wp\/v2\/comments?post=3558"}],"version-history":[{"count":4,"href":"https:\/\/store.mills-nutrients.com\/es\/wp-json\/wp\/v2\/pages\/3558\/revisions"}],"predecessor-version":[{"id":5577,"href":"https:\/\/store.mills-nutrients.com\/es\/wp-json\/wp\/v2\/pages\/3558\/revisions\/5577"}],"wp:attachment":[{"href":"https:\/\/store.mills-nutrients.com\/es\/wp-json\/wp\/v2\/media?parent=3558"}],"curies":[{"name":"wp","href":"https:\/\/api.w.org\/{rel}","templated":true}]}}